{"id":11,"date":"2015-12-15T07:37:48","date_gmt":"2015-12-15T06:37:48","guid":{"rendered":"http:\/\/consultall.stm\/?page_id=11"},"modified":"2021-07-29T00:17:59","modified_gmt":"2021-07-28T22:17:59","slug":"kontakt","status":"publish","type":"page","link":"https:\/\/sztando.com\/?page_id=11","title":{"rendered":"Kontakt"},"content":{"rendered":"<div class=\"wpb-content-wrapper\"><p>[vc_row css=&#8221;.vc_custom_1561226194175{margin-bottom: 0px !important;}&#8221;][vc_column][vc_tta_tabs shape=&#8221;square&#8221; spacing=&#8221;&#8221; active_section=&#8221;1&#8243; no_fill_content_area=&#8221;true&#8221; el_class=&#8221;theme_style&#8221;][vc_tta_section tab_id=&#8221;1452257567229-e5f623b2-41c0&#8243; title=&#8221;Biuro&#8221;][vc_row_inner css=&#8221;.vc_custom_1519883909446{margin-bottom: 33px !important;}&#8221;][vc_column_inner width=&#8221;1\/3&#8243;][vc_single_image image=&#8221;3539&#8243; img_size=&#8221;full&#8221;][\/vc_column_inner][vc_column_inner width=&#8221;1\/3&#8243;][stm_contacts_widget class=&#8221;overlay_3&#8243; title=&#8221;adres i kontakty&#8221; address=&#8221;dr hab. Andrzej Sztando, prof. UEW<br \/>\ngen. W. Sikorskiego 3H\/87<br \/>\nWroc\u0142aw 53-659<br \/>\n&#8212;&#8212;&#8212;&#8212;&#8212;&#8212;&#8212;&#8212;&#8212;&#8212;&#8212;&#8212;&#8211;<br \/>\n( Atal Towers, wej\u015bcie od Odry )&#8221; phone=&#8221;603 163 839&#8243; email=&#8221;andrzej@sztando.com&#8221; css=&#8221;.vc_custom_1627510672489{padding-top: 68px !important;padding-right: 35px !important;padding-bottom: 68px !important;padding-left: 35px !important;background-image: url(http:\/\/sztando.com\/wp-content\/uploads\/2016\/06\/placeholder-4.gif?id=3273) !important;}&#8221; facebook=&#8221;https:\/\/www.facebook.com\/sztando&#8221; twitter=&#8221;https:\/\/twitter.com\/Andrzej_Sztando&#8221; linkedin=&#8221;https:\/\/www.linkedin.com\/in\/andrzej-sztando-360257132\/&#8221; google_plus=&#8221;#&#8221; skype=&#8221;andrzej_sztando&#8221;][\/vc_column_inner][vc_column_inner width=&#8221;1\/3&#8243;][vc_gmaps link=&#8221;#E-8_JTNDaWZyYW1lJTIwc3JjJTNEJTIyaHR0cHMlM0ElMkYlMkZ3d3cuZ29vZ2xlLmNvbSUyRm1hcHMlMkZlbWJlZCUzRnBiJTNEJTIxMW0xNCUyMTFtOCUyMTFtMyUyMTFkMTAwMTkuNTkxOTA0NzQ2NjQ1JTIxMmQxNy4wMjI3ODE3OTY4NDUxOTQlMjEzZDUxLjExMDM0MjUwODI0MTUlMjEzbTIlMjExaTEwMjQlMjEyaTc2OCUyMTRmMTMuMSUyMTNtMyUyMTFtMiUyMTFzMHgwJTI1M0EweGEyMDQwZDk3MjQ4NzlkYjIlMjEyc3Byb2YuJTJCVUUlMkJkciUyQmhhYi4lMkJBbmRyemVqJTJCU3p0YW5kbyUyQi0lMkJTdHJhdGVnaWUlMkJTYW1vcnolMjVDNCUyNTg1ZG93ZSUyMTVlMCUyMTNtMiUyMTFzcGwlMjEyc3BsJTIxNHYxNTYxMjM0NjUyOTcwJTIxNW0yJTIxMXNwbCUyMTJzcGwlMjIlMjB3aWR0aCUzRCUyMjYwMCUyMiUyMGhlaWdodCUzRCUyMjQ1MCUyMiUyMGZyYW1lYm9yZGVyJTNEJTIyMCUyMiUyMHN0eWxlJTNEJTIyYm9yZGVyJTNBMCUyMiUyMGFsbG93ZnVsbHNjcmVlbiUzRSUzQyUyRmlmcmFtZSUzRQ==&#8221; size=&#8221;440px&#8221; css_animation=&#8221;none&#8221;][\/vc_column_inner][\/vc_row_inner][\/vc_tta_section][\/vc_tta_tabs][\/vc_column][\/vc_row][vc_row full_width=&#8221;stretch_row&#8221; disable_element=&#8221;yes&#8221; css=&#8221;.vc_custom_1627471878065{margin-bottom: -60px !important;background-image: url(http:\/\/sztando.com\/wp-content\/uploads\/2016\/06\/placeholder-4.gif?id=3273) !important;background-position: center !important;background-repeat: no-repeat !important;background-size: cover !important;}&#8221; el_class=&#8221;overlay_4 fixed_bg&#8221;][vc_column][stm_spacing lg_spacing=&#8221;79&#8243; md_spacing=&#8221;79&#8243; sm_spacing=&#8221;60&#8243; xs_spacing=&#8221;40&#8243;][vc_row_inner disable_element=&#8221;yes&#8221;][vc_column_inner width=&#8221;1\/3&#8243;][stm_animation_block animation=&#8221;fadeInUp&#8221; animation_duration=&#8221;0.5&#8243; animation_delay=&#8221;0.3&#8243;][vc_custom_heading stripe_pos=&#8221;hide&#8221; text=&#8221;Chcesz zam\u00f3wi\u0107 kontakt telefoniczny?&#8221; font_container=&#8221;tag:h2|font_size:40px|text_align:left|color:%23ffffff&#8221; use_theme_fonts=&#8221;yes&#8221; css=&#8221;.vc_custom_1560533591549{margin-bottom: -6px !important;}&#8221;][vc_column_text]<span style=\"color: #ffffff;\">Mo\u017cesz do mnie zadzwoni\u0107 na wskazany nr telefonu lub napisa\u0107 e-mail na wskazany adres. Je\u015bli jednak wolisz abym ja zadzwoni\u0142 do Ciebie, skorzystaj z formularza.<\/span>[\/vc_column_text][\/stm_animation_block][\/vc_column_inner][vc_column_inner width=&#8221;2\/3&#8243;][stm_spacing lg_spacing=&#8221;7px&#8221; md_spacing=&#8221;7px&#8221; sm_spacing=&#8221;7px&#8221; xs_spacing=&#8221;30px&#8221;][stm_animation_block animation=&#8221;fadeInUp&#8221; animation_duration=&#8221;0.5&#8243; animation_delay=&#8221;0.5&#8243;]\n<div class=\"wpcf7 no-js\" id=\"wpcf7-f1557-o1\" lang=\"en-US\" dir=\"ltr\" data-wpcf7-id=\"1557\">\n<div class=\"screen-reader-response\"><p role=\"status\" aria-live=\"polite\" aria-atomic=\"true\"><\/p> <ul><\/ul><\/div>\n<form action=\"\/index.php?rest_route=%2Fwp%2Fv2%2Fpages%2F11#wpcf7-f1557-o1\" method=\"post\" class=\"wpcf7-form init\" aria-label=\"Contact form\" novalidate=\"novalidate\" data-status=\"init\">\n<fieldset class=\"hidden-fields-container\"><input type=\"hidden\" name=\"_wpcf7\" value=\"1557\" \/><input type=\"hidden\" name=\"_wpcf7_version\" value=\"6.1.2\" \/><input type=\"hidden\" name=\"_wpcf7_locale\" value=\"en_US\" \/><input type=\"hidden\" name=\"_wpcf7_unit_tag\" value=\"wpcf7-f1557-o1\" \/><input type=\"hidden\" name=\"_wpcf7_container_post\" value=\"0\" \/><input type=\"hidden\" name=\"_wpcf7_posted_data_hash\" value=\"\" \/>\n<\/fieldset>\n<div class=\"request_callback\">\n    <p>Chc\u0119 porozmawia\u0107 na temat:<\/p>\n    <div class=\"row\">\n        <div class=\"col-lg-6 col-md-6 col-sm-6 col-xs-12\">\n            <div class=\"input-group\">\n                <span class=\"wpcf7-form-control-wrap\" data-name=\"services_consulting\"><select class=\"wpcf7-form-control wpcf7-select\" aria-invalid=\"false\" name=\"services_consulting\"><option value=\"\">wybierz temat rozmowy<\/option><option value=\"Strategia rozwoju\">Strategia rozwoju<\/option><option value=\"Szkolenie, wyst\u0105pienie, trening, konsultacje\">Szkolenie, wyst\u0105pienie, trening, konsultacje<\/option><option value=\"Kariera w i po samorz\u0105dzie\">Kariera w i po samorz\u0105dzie<\/option><option value=\"Nauka, dydaktyka, publikacje\">Nauka, dydaktyka, publikacje<\/option><option value=\"Wyk\u0142ady zagraniczne\">Wyk\u0142ady zagraniczne<\/option><option value=\"Podr\u00f3\u017ce i inspiracje samorz\u0105dowe\">Podr\u00f3\u017ce i inspiracje samorz\u0105dowe<\/option><option value=\"Inne\">Inne<\/option><\/select><\/span>\n            <\/div>\n        <\/div>\n        <div class=\"col-lg-6 col-md-6 col-sm-6 col-xs-12\">\n            <div class=\"input-group\">\n                <span class=\"wpcf7-form-control-wrap\" data-name=\"text-name\"><input size=\"40\" maxlength=\"400\" class=\"wpcf7-form-control wpcf7-text wpcf7-validates-as-required\" aria-required=\"true\" aria-invalid=\"false\" placeholder=\"Twoje imi\u0119\" value=\"\" type=\"text\" name=\"text-name\" \/><\/span>\n            <\/div>\n        <\/div>\n        <div class=\"col-lg-6 col-md-6 col-sm-6 col-xs-12\">\n            <div class=\"input-group\">\n                <span class=\"wpcf7-form-control-wrap\" data-name=\"phone\"><input size=\"40\" maxlength=\"400\" class=\"wpcf7-form-control wpcf7-tel wpcf7-validates-as-required wpcf7-text wpcf7-validates-as-tel\" aria-required=\"true\" aria-invalid=\"false\" placeholder=\"Numer telefonu\" value=\"\" type=\"tel\" name=\"phone\" \/><\/span>\n            <\/div>\n        <\/div>\n        <div class=\"col-lg-6 col-md-6 col-sm-6 col-xs-12\">\n            <div class=\"input-group\">\n                <button type=\"submit\" class=\"vc_general vc_btn3 vc_btn3-size-md vc_btn3-shape-rounded vc_btn3-style-flat vc_btn3-icon-right vc_btn3-color-theme_style_3\">Wy\u015blij <i class=\"vc_btn3-icon fa fa-chevron-right\" style=\"font-size: 14px; font-weight: 300; margin-top: 2px;\"><\/i><\/button>\n            <\/div>\n        <\/div>\n    <\/div>\n<\/div><div class=\"wpcf7-response-output\" aria-hidden=\"true\"><\/div>\n<\/form>\n<\/div>\n[\/stm_animation_block][\/vc_column_inner][\/vc_row_inner][stm_spacing lg_spacing=&#8221;87&#8243; md_spacing=&#8221;87&#8243; sm_spacing=&#8221;60&#8243; xs_spacing=&#8221;40&#8243;][\/vc_column][\/vc_row]<\/p>\n<\/div>","protected":false},"excerpt":{"rendered":"<p>[vc_row css=&#8221;.vc_custom_1561226194175{margin-bottom: 0px !important;}&#8221;][vc_column][vc_tta_tabs shape=&#8221;square&#8221; spacing=&#8221;&#8221; active_section=&#8221;1&#8243; no_fill_content_area=&#8221;true&#8221; el_class=&#8221;theme_style&#8221;][vc_tta_section tab_id=&#8221;1452257567229-e5f623b2-41c0&#8243; title=&#8221;Biuro&#8221;][vc_row_inner css=&#8221;.vc_custom_1519883909446{margin-bottom: 33px !important;}&#8221;][vc_column_inner width=&#8221;1\/3&#8243;][vc_single_image image=&#8221;3539&#8243; img_size=&#8221;full&#8221;][\/vc_column_inner][vc_column_inner width=&#8221;1\/3&#8243;][stm_contacts_widget class=&#8221;overlay_3&#8243; title=&#8221;adres i kontakty&#8221; address=&#8221;dr hab. Andrzej Sztando, prof. UEW gen. W. Sikorskiego 3H\/87 Wroc\u0142aw 53-659 &#8212;&#8212;&#8212;&#8212;&#8212;&#8212;&#8212;&#8212;&#8212;&#8212;&#8212;&#8212;&#8211; ( Atal Towers, wej\u015bcie od Odry )&#8221; phone=&#8221;603 163 839&#8243; email=&#8221;andrzej@sztando.com&#8221; css=&#8221;.vc_custom_1627510672489{padding-top: 68px !important;padding-right: 35px !important;padding-bottom: 68px !important;padding-left: 35px !important;background-image:<\/p>\n","protected":false},"author":1,"featured_media":0,"parent":0,"menu_order":0,"comment_status":"closed","ping_status":"closed","template":"","meta":{"footnotes":""},"class_list":["post-11","page","type-page","status-publish","hentry"],"_links":{"self":[{"href":"https:\/\/sztando.com\/index.php?rest_route=\/wp\/v2\/pages\/11","targetHints":{"allow":["GET"]}}],"collection":[{"href":"https:\/\/sztando.com\/index.php?rest_route=\/wp\/v2\/pages"}],"about":[{"href":"https:\/\/sztando.com\/index.php?rest_route=\/wp\/v2\/types\/page"}],"author":[{"embeddable":true,"href":"https:\/\/sztando.com\/index.php?rest_route=\/wp\/v2\/users\/1"}],"replies":[{"embeddable":true,"href":"https:\/\/sztando.com\/index.php?rest_route=%2Fwp%2Fv2%2Fcomments&post=11"}],"version-history":[{"count":86,"href":"https:\/\/sztando.com\/index.php?rest_route=\/wp\/v2\/pages\/11\/revisions"}],"predecessor-version":[{"id":7575,"href":"https:\/\/sztando.com\/index.php?rest_route=\/wp\/v2\/pages\/11\/revisions\/7575"}],"wp:attachment":[{"href":"https:\/\/sztando.com\/index.php?rest_route=%2Fwp%2Fv2%2Fmedia&parent=11"}],"curies":[{"name":"wp","href":"https:\/\/api.w.org\/{rel}","templated":true}]}}