{"id":3980,"date":"2019-04-23T12:38:29","date_gmt":"2019-04-23T10:38:29","guid":{"rendered":"http:\/\/sztando.com\/?page_id=3980"},"modified":"2026-04-02T19:09:29","modified_gmt":"2026-04-02T17:09:29","slug":"listy-referencyjne-nagrody-i-swiadectwa-kwalifikacji","status":"publish","type":"page","link":"https:\/\/sztando.com\/?page_id=3980","title":{"rendered":"Referencje, certyfikaty itp."},"content":{"rendered":"<div class=\"wpb-content-wrapper\"><p>[vc_row css=&#8221;.vc_custom_1628031394165{margin-bottom: 30px !important;}&#8221;][vc_column offset=&#8221;vc_col-lg-12 vc_col-md-12&#8243;][vc_column_text]<\/p>\n<h2>Listy referencyjne, nagrody i \u015bwiadectwa kwalifikacji<\/h2>\n<p>[\/vc_column_text][vc_column_text]<\/p>\n<h3>1. Strategie rozwoju gmin, miast, powiat\u00f3w i wojew\u00f3dztw<\/h3>\n<p>[\/vc_column_text][vc_media_grid element_width=&#8221;2&#8243; gap=&#8221;10&#8243; item=&#8221;masonryMedia_ScaleWithContentBlock&#8221; grid_id=&#8221;vc_gid:1775149532452-7ce867f6-ee63-10&#8243; include=&#8221;9246,9247,9002,8981,8138,8123,8845,7265,6990,4750,4751,4774,4764,4778,4771,4783,4782,4757,4776,4784,4773,4770,4780,5959,4760,4761,4769,4755,5961,4781,4785,4842,4843,4758,5960,4793,4786,4787,4756,4759,4763,4772,4791,5968,5969,4768,4767,4796,4788,4779,4775,4762,5962,5963,5964,5965,4777,4766,4792,4789,4790,4797,4765,4798&#8243;][vc_column_text]<\/p>\n<h3>2. Recenzje projekt\u00f3w strategii rozwoju gmin, miast, powiat\u00f3w i wojew\u00f3dztw<\/h3>\n<p>[\/vc_column_text][vc_media_grid element_width=&#8221;2&#8243; gap=&#8221;10&#8243; item=&#8221;masonryMedia_ScaleWithContentBlock&#8221; grid_id=&#8221;vc_gid:1775149532452-8873d5bd-5862-3&#8243; include=&#8221;9072,9070,6046&#8243;][vc_column_text]<\/p>\n<h3>3. Wdra\u017canie, monitoring i ewaluacja strategii rozwoju gmin, miast, powiat\u00f3w i wojew\u00f3dztw<\/h3>\n<p>[\/vc_column_text][vc_media_grid element_width=&#8221;2&#8243; gap=&#8221;35&#8243; item=&#8221;masonryMedia_ScaleWithContentBlock&#8221; grid_id=&#8221;vc_gid:1775149532452-cce5f393-345b-5&#8243; include=&#8221;8851,4825,4826,4828,4829,4830,4831,4890,4832,4833&#8243;][vc_column_text]<\/p>\n<h3>4. Szkolenia w\u0142adz i kierownictwa samorz\u0105d\u00f3w nt. strategii rozwoju gmin \/ miast<\/h3>\n<p>[\/vc_column_text][vc_media_grid element_width=&#8221;2&#8243; gap=&#8221;10&#8243; item=&#8221;masonryMedia_ScaleWithContentBlock&#8221; css=&#8221;&#8221; grid_id=&#8221;vc_gid:1775149532453-98f4236e-06fd-7&#8243; include=&#8221;9602,9456,9451,9342,9330,9319,8728,8718,8258,8117,8101,8095,8081,7902,7988,7896,7537,7331,7219,7272,7278,7241,7220,7085,6182,5742,4853,5697,6889,4855,4852,4856,4829,4859,4857,4854,4858&#8243;][vc_column_text]<\/p>\n<h3>5. Cz\u0119\u015bci strategii i innych plan\u00f3w rozwoju gmin, miast, powiat\u00f3w i wojew\u00f3dztw<\/h3>\n<p>[\/vc_column_text][vc_media_grid element_width=&#8221;2&#8243; gap=&#8221;10&#8243; item=&#8221;masonryMedia_ScaleWithContentBlock&#8221; grid_id=&#8221;vc_gid:1775149532453-a025b995-e8c5-6&#8243; include=&#8221;4871,4865,4867,4868,4869,4870,4866&#8243;][vc_column_text]<\/p>\n<h3>6. Inne strategiczne programy rozwoju gmin, miast, powiat\u00f3w i wojew\u00f3dztw<\/h3>\n<p>[\/vc_column_text][vc_media_grid element_width=&#8221;2&#8243; gap=&#8221;10&#8243; item=&#8221;masonryMedia_ScaleWithContentBlock&#8221; grid_id=&#8221;vc_gid:1775149532453-8ca866b9-3067-0&#8243; include=&#8221;7244,4887,4948,4886,4831,4954,4876,4879,4953,4880,4877,4878,4883,4881,4882&#8243;][vc_column_text]<\/p>\n<h3>7. Ewaluacja strategicznych program\u00f3w badawczo-rozwojowych Polski i Unii Europejskiej<\/h3>\n<p>[\/vc_column_text][vc_media_grid element_width=&#8221;2&#8243; gap=&#8221;10&#8243; item=&#8221;masonryMedia_ScaleWithContentBlock&#8221; grid_id=&#8221;vc_gid:1775149532453-426f2c47-cf49-8&#8243; include=&#8221;7383,9078,7393,7432&#8243;][vc_column_text]<\/p>\n<h3>8. Wyk\u0142ady na zagranicznych uniwersytetach nt. zarz\u0105dzania strategicznego w samorz\u0105dach<\/h3>\n<p>[\/vc_column_text][vc_media_grid element_width=&#8221;2&#8243; gap=&#8221;10&#8243; item=&#8221;masonryMedia_ScaleWithContentBlock&#8221; css=&#8221;&#8221; grid_id=&#8221;vc_gid:1775149532453-acc7c723-e99d-1&#8243; include=&#8221;9563,9559,9284,9182,8954,9188,8761,9186,8320,8209,8001,6954,6955,7441,6823,6824,6746,6773,6414,4917,4918,4919,4920,4921,4922,4923,4924,4925,4914,6914,4915,4916,4903,4902,4912,4913,4911,4910,4907,4908,4909,4904,4905,4906,4900,4901&#8243;][vc_column_text]<\/p>\n<h3>9. Projekty naukowo-badawcze i badawczo-rozwojowe zw. z zarz\u0105dzaniem w samorz\u0105dach<\/h3>\n<p>[\/vc_column_text][vc_media_grid element_width=&#8221;2&#8243; gap=&#8221;10&#8243; item=&#8221;masonryMedia_ScaleWithContentBlock&#8221; grid_id=&#8221;vc_gid:1775149532453-0668e15d-3045-6&#8243; include=&#8221;4942,4941,4938,4939,4937,4940&#8243;][vc_column_text]<\/p>\n<h3>10. Recenzje, rady wydawnicze i upowszechnianie dobrego zarz\u0105dzania publicznego<\/h3>\n<p>[\/vc_column_text][vc_media_grid element_width=&#8221;2&#8243; gap=&#8221;10&#8243; item=&#8221;masonryMedia_ScaleWithContentBlock&#8221; css=&#8221;&#8221; grid_id=&#8221;vc_gid:1775149532453-f8a0cf21-3122-8&#8243; include=&#8221;9495,9349,8397,8408,8403,8378,8233,8238,8215,8151,7914,8229,7856,7918,7850,7372,7237,7289,6987,7229,6906,6911,6970,4982,4984,4986,4987,7444&#8243;][vc_column_text]<\/p>\n<h3>11. Nagrody za dzia\u0142alno\u015b\u0107 konsultingow\u0105, publiczn\u0105 i naukow\u0105 w zakresie zarz\u0105dzania strategicznego w samorz\u0105dach<\/h3>\n<p>[\/vc_column_text][vc_media_grid element_width=&#8221;2&#8243; gap=&#8221;10&#8243; item=&#8221;masonryMedia_ScaleWithContentBlock&#8221; grid_id=&#8221;vc_gid:1775149532453-5b609bd6-8304-6&#8243; include=&#8221;8142,8009,4973,4972,4971,4970,4969,4968,4967,4966,4965,4964,4963,4974,4962,4961,5119,5740&#8243;][vc_column_text]<\/p>\n<h3>12. Dyplomy, certyfikaty itp.<\/h3>\n<p>[\/vc_column_text][vc_media_grid element_width=&#8221;2&#8243; gap=&#8221;10&#8243; item=&#8221;masonryMedia_ScaleWithContentBlock&#8221; grid_id=&#8221;vc_gid:1775149532454-0653918e-15ee-0&#8243; include=&#8221;5120,5666,5121,5122&#8243;][\/vc_column][\/vc_row][vc_row full_width=&#8221;stretch_row&#8221; el_class=&#8221;third_bg_color&#8221; css=&#8221;.vc_custom_1451889219674{margin-bottom: -60px !important;}&#8221;][vc_column][vc_cta h2=&#8221;Potrzebujesz wsparcia w budowie strategii rozwoju gminy, szkolenia, wyk\u0142ad\u00f3w, partnera bada\u0144?&#8221; h2_font_container=&#8221;font_size:20px|color:%23000000|line_height:24px&#8221; h2_use_theme_fonts=&#8221;yes&#8221; shape=&#8221;square&#8221; style=&#8221;flat&#8221; add_button=&#8221;right&#8221; btn_title=&#8221;skontaktuj si\u0119&#8221; btn_style=&#8221;flat&#8221; btn_color=&#8221;theme_style_2&#8243; btn_align=&#8221;right&#8221; btn_i_align=&#8221;right&#8221; btn_i_icon_fontawesome=&#8221;fa fa-chevron-right&#8221; css=&#8221;.vc_custom_1628021958946{margin-bottom: 0px !important;}&#8221; use_custom_fonts_h2=&#8221;true&#8221; btn_button_block=&#8221;true&#8221; btn_add_icon=&#8221;true&#8221; el_class=&#8221;third_bg_color&#8221; btn_link=&#8221;url:http%3A%2F%2Fsztando.com%2F%3Fpage_id%3D11|||&#8221;][\/vc_cta][\/vc_column][\/vc_row]<\/p>\n<\/div>","protected":false},"excerpt":{"rendered":"<p>[vc_row css=&#8221;.vc_custom_1628031394165{margin-bottom: 30px !important;}&#8221;][vc_column offset=&#8221;vc_col-lg-12 vc_col-md-12&#8243;][vc_column_text] Listy referencyjne, nagrody i \u015bwiadectwa kwalifikacji [\/vc_column_text][vc_column_text] 1. Strategie rozwoju gmin, miast, powiat\u00f3w i wojew\u00f3dztw [\/vc_column_text][vc_media_grid element_width=&#8221;2&#8243; gap=&#8221;10&#8243; item=&#8221;masonryMedia_ScaleWithContentBlock&#8221; grid_id=&#8221;vc_gid:1775149532452-7ce867f6-ee63-10&#8243; include=&#8221;9246,9247,9002,8981,8138,8123,8845,7265,6990,4750,4751,4774,4764,4778,4771,4783,4782,4757,4776,4784,4773,4770,4780,5959,4760,4761,4769,4755,5961,4781,4785,4842,4843,4758,5960,4793,4786,4787,4756,4759,4763,4772,4791,5968,5969,4768,4767,4796,4788,4779,4775,4762,5962,5963,5964,5965,4777,4766,4792,4789,4790,4797,4765,4798&#8243;][vc_column_text] 2. Recenzje projekt\u00f3w strategii rozwoju gmin, miast, powiat\u00f3w i wojew\u00f3dztw [\/vc_column_text][vc_media_grid element_width=&#8221;2&#8243; gap=&#8221;10&#8243; item=&#8221;masonryMedia_ScaleWithContentBlock&#8221; grid_id=&#8221;vc_gid:1775149532452-8873d5bd-5862-3&#8243; include=&#8221;9072,9070,6046&#8243;][vc_column_text] 3. Wdra\u017canie, monitoring i ewaluacja strategii rozwoju gmin, miast, powiat\u00f3w i wojew\u00f3dztw<\/p>\n","protected":false},"author":1,"featured_media":7102,"parent":1843,"menu_order":0,"comment_status":"closed","ping_status":"closed","template":"","meta":{"footnotes":""},"class_list":["post-3980","page","type-page","status-publish","has-post-thumbnail","hentry"],"_links":{"self":[{"href":"https:\/\/sztando.com\/index.php?rest_route=\/wp\/v2\/pages\/3980","targetHints":{"allow":["GET"]}}],"collection":[{"href":"https:\/\/sztando.com\/index.php?rest_route=\/wp\/v2\/pages"}],"about":[{"href":"https:\/\/sztando.com\/index.php?rest_route=\/wp\/v2\/types\/page"}],"author":[{"embeddable":true,"href":"https:\/\/sztando.com\/index.php?rest_route=\/wp\/v2\/users\/1"}],"replies":[{"embeddable":true,"href":"https:\/\/sztando.com\/index.php?rest_route=%2Fwp%2Fv2%2Fcomments&post=3980"}],"version-history":[{"count":350,"href":"https:\/\/sztando.com\/index.php?rest_route=\/wp\/v2\/pages\/3980\/revisions"}],"predecessor-version":[{"id":9603,"href":"https:\/\/sztando.com\/index.php?rest_route=\/wp\/v2\/pages\/3980\/revisions\/9603"}],"up":[{"embeddable":true,"href":"https:\/\/sztando.com\/index.php?rest_route=\/wp\/v2\/pages\/1843"}],"wp:featuredmedia":[{"embeddable":true,"href":"https:\/\/sztando.com\/index.php?rest_route=\/wp\/v2\/media\/7102"}],"wp:attachment":[{"href":"https:\/\/sztando.com\/index.php?rest_route=%2Fwp%2Fv2%2Fmedia&parent=3980"}],"curies":[{"name":"wp","href":"https:\/\/api.w.org\/{rel}","templated":true}]}}