{"id":3989,"date":"2019-04-23T13:29:52","date_gmt":"2019-04-23T11:29:52","guid":{"rendered":"http:\/\/sztando.com\/?page_id=3989"},"modified":"2025-12-27T21:38:40","modified_gmt":"2025-12-27T20:38:40","slug":"curriculum-vitae","status":"publish","type":"page","link":"https:\/\/sztando.com\/?page_id=3989","title":{"rendered":"Curriculum vitae"},"content":{"rendered":"<div class=\"wpb-content-wrapper\"><p>[vc_row css=&#8221;.vc_custom_1628031514074{margin-bottom: 30px !important;}&#8221;][vc_column][vc_column_text css=&#8221;.vc_custom_1628031554622{margin-bottom: 50px !important;}&#8221;]<\/p>\n<h2>Curriculum vitae<\/h2>\n<p>[\/vc_column_text][vc_single_image image=&#8221;9555&#8243; img_size=&#8221;full&#8221; add_caption=&#8221;yes&#8221; style=&#8221;vc_box_border&#8221; onclick=&#8221;custom_link&#8221; css=&#8221;.vc_custom_1766867888758{margin-bottom: 46px !important;}&#8221; link=&#8221;http:\/\/sztando.com\/CV_Andrzej_Sztando_PL_27.12.2025.pdf&#8221;][vc_single_image image=&#8221;9556&#8243; img_size=&#8221;full&#8221; add_caption=&#8221;yes&#8221; style=&#8221;vc_box_border&#8221; onclick=&#8221;custom_link&#8221; css=&#8221;.vc_custom_1766867899679{margin-bottom: 46px !important;}&#8221; link=&#8221;http:\/\/sztando.com\/CV_Andrzej_Sztando_PL_27.12.2025.pdf&#8221;][\/vc_column][\/vc_row][vc_row full_width=&#8221;stretch_row&#8221; el_class=&#8221;third_bg_color&#8221; css=&#8221;.vc_custom_1451889219674{margin-bottom: -60px !important;}&#8221;][vc_column][vc_cta h2=&#8221;Potrzebujesz wsparcia w budowie strategii rozwoju gminy, szkolenia, wyk\u0142ad\u00f3w, partnera bada\u0144?&#8221; h2_font_container=&#8221;font_size:20px|color:%23000000|line_height:24px&#8221; h2_use_theme_fonts=&#8221;yes&#8221; shape=&#8221;square&#8221; style=&#8221;flat&#8221; add_button=&#8221;right&#8221; btn_title=&#8221;skontaktuj si\u0119&#8221; btn_style=&#8221;flat&#8221; btn_color=&#8221;theme_style_2&#8243; btn_align=&#8221;right&#8221; btn_i_align=&#8221;right&#8221; btn_i_icon_fontawesome=&#8221;fa fa-chevron-right&#8221; css=&#8221;.vc_custom_1628027072466{margin-bottom: 0px !important;}&#8221; use_custom_fonts_h2=&#8221;true&#8221; btn_button_block=&#8221;true&#8221; btn_add_icon=&#8221;true&#8221; el_class=&#8221;third_bg_color&#8221; btn_link=&#8221;url:http%3A%2F%2Fsztando.com%2F%3Fpage_id%3D11|||&#8221;][\/vc_cta][\/vc_column][\/vc_row]<\/p>\n<\/div>","protected":false},"excerpt":{"rendered":"<p>[vc_row css=&#8221;.vc_custom_1628031514074{margin-bottom: 30px !important;}&#8221;][vc_column][vc_column_text css=&#8221;.vc_custom_1628031554622{margin-bottom: 50px !important;}&#8221;] Curriculum vitae [\/vc_column_text][vc_single_image image=&#8221;9555&#8243; img_size=&#8221;full&#8221; add_caption=&#8221;yes&#8221; style=&#8221;vc_box_border&#8221; onclick=&#8221;custom_link&#8221; css=&#8221;.vc_custom_1766867888758{margin-bottom: 46px !important;}&#8221; link=&#8221;http:\/\/sztando.com\/CV_Andrzej_Sztando_PL_27.12.2025.pdf&#8221;][vc_single_image image=&#8221;9556&#8243; img_size=&#8221;full&#8221; add_caption=&#8221;yes&#8221; style=&#8221;vc_box_border&#8221; onclick=&#8221;custom_link&#8221; css=&#8221;.vc_custom_1766867899679{margin-bottom: 46px !important;}&#8221; link=&#8221;http:\/\/sztando.com\/CV_Andrzej_Sztando_PL_27.12.2025.pdf&#8221;][\/vc_column][\/vc_row][vc_row full_width=&#8221;stretch_row&#8221; el_class=&#8221;third_bg_color&#8221; css=&#8221;.vc_custom_1451889219674{margin-bottom: -60px !important;}&#8221;][vc_column][vc_cta h2=&#8221;Potrzebujesz wsparcia w budowie strategii rozwoju gminy, szkolenia, wyk\u0142ad\u00f3w, partnera bada\u0144?&#8221; h2_font_container=&#8221;font_size:20px|color:%23000000|line_height:24px&#8221; h2_use_theme_fonts=&#8221;yes&#8221; shape=&#8221;square&#8221; style=&#8221;flat&#8221; add_button=&#8221;right&#8221; btn_title=&#8221;skontaktuj si\u0119&#8221; btn_style=&#8221;flat&#8221; btn_color=&#8221;theme_style_2&#8243; btn_align=&#8221;right&#8221; btn_i_align=&#8221;right&#8221;<\/p>\n","protected":false},"author":1,"featured_media":7101,"parent":1843,"menu_order":0,"comment_status":"closed","ping_status":"closed","template":"","meta":{"footnotes":""},"class_list":["post-3989","page","type-page","status-publish","has-post-thumbnail","hentry"],"_links":{"self":[{"href":"https:\/\/sztando.com\/index.php?rest_route=\/wp\/v2\/pages\/3989","targetHints":{"allow":["GET"]}}],"collection":[{"href":"https:\/\/sztando.com\/index.php?rest_route=\/wp\/v2\/pages"}],"about":[{"href":"https:\/\/sztando.com\/index.php?rest_route=\/wp\/v2\/types\/page"}],"author":[{"embeddable":true,"href":"https:\/\/sztando.com\/index.php?rest_route=\/wp\/v2\/users\/1"}],"replies":[{"embeddable":true,"href":"https:\/\/sztando.com\/index.php?rest_route=%2Fwp%2Fv2%2Fcomments&post=3989"}],"version-history":[{"count":34,"href":"https:\/\/sztando.com\/index.php?rest_route=\/wp\/v2\/pages\/3989\/revisions"}],"predecessor-version":[{"id":9557,"href":"https:\/\/sztando.com\/index.php?rest_route=\/wp\/v2\/pages\/3989\/revisions\/9557"}],"up":[{"embeddable":true,"href":"https:\/\/sztando.com\/index.php?rest_route=\/wp\/v2\/pages\/1843"}],"wp:featuredmedia":[{"embeddable":true,"href":"https:\/\/sztando.com\/index.php?rest_route=\/wp\/v2\/media\/7101"}],"wp:attachment":[{"href":"https:\/\/sztando.com\/index.php?rest_route=%2Fwp%2Fv2%2Fmedia&parent=3989"}],"curies":[{"name":"wp","href":"https:\/\/api.w.org\/{rel}","templated":true}]}}