{"id":4586,"date":"2019-05-23T15:36:23","date_gmt":"2019-05-23T13:36:23","guid":{"rendered":"http:\/\/sztando.com\/?page_id=4586"},"modified":"2022-09-25T14:12:45","modified_gmt":"2022-09-25T12:12:45","slug":"zrealizowane-projekty-naukowo-badawcze-i-badawczo-rozwojowe","status":"publish","type":"page","link":"https:\/\/sztando.com\/?page_id=4586","title":{"rendered":"Projekty naukowe"},"content":{"rendered":"<div class=\"wpb-content-wrapper\"><p>[vc_row css=&#8221;.vc_custom_1628031359551{margin-bottom: 30px !important;}&#8221;][vc_column][vc_custom_heading source=&#8221;post_title&#8221; use_theme_fonts=&#8221;yes&#8221;][vc_column_text css=&#8221;.vc_custom_1560288883382{margin-bottom: 52px !important;}&#8221;]<\/p>\n<h3>1. Projekty naukowo-badawcze (N+B)<\/h3>\n<p>G\u0142\u00f3wnymi realizatorami poni\u017cszych projekt\u00f3w naukowo-badawczych by\u0142y uczelnie wy\u017csze. Pe\u0142ni\u0142em w nich rol\u0119 eksperta, wykonawcy lub g\u0142\u00f3wnego wykonawcy. Cele tych projekt\u00f3w mia\u0142y charakter <em>stricte<\/em> naukowo-badawczy, a ich wyniki publikowane by\u0142y w naukowych artyku\u0142ach i monografiach.\u00a0<a href=\"http:\/\/sztando.com\/?page_id=3980\">Zobacz listy referencyjne.<\/a>[\/vc_column_text][vc_tta_accordion c_position=&#8221;right&#8221; active_section=&#8221;99&#8243; collapsible_all=&#8221;true&#8221;][vc_tta_section i_icon_fontawesome=&#8221;fa fa-check-square-o&#8221; add_icon=&#8221;true&#8221; title=&#8221;Projekt N+B pn. &#8220;Convergence of Policy and Innovation: Sustaining Development for Local Development\u201d, (2017)&#8221; tab_id=&#8221;1558687094571-c27b95da-502d&#8221;][vc_column_text]Projekt naukowo-badawczy pn. \u201eConvergence of Policy and Innovation: Sustaining Development for Local Development\u201d by\u0142 realizowany jest przez University of Jember z Indonezji. Jednym z cel\u00f3w projektu jest identyfikacja i pilota\u017cowa implementacja w indonezyjskich miastach narz\u0119dzi zarz\u0105dzania strategicznego rozwojem lokalnym, sprawdzonych w innych krajach, zw\u0142aszcza\u00a0potransformacyjnych, w tym w Polsce. W ramach realizacji tego projektu wyst\u0105pi\u0142em jako keynote speaker na konferencji otwieraj\u0105cej ten projekt, prezentuj\u0105c ww. narz\u0119dzia, a nast\u0119pnie weryfikowa\u0142em ich przydatno\u015b\u0107 w indonezyjskich warunkach.[\/vc_column_text][\/vc_tta_section][vc_tta_section i_icon_fontawesome=&#8221;fa fa-check-square-o&#8221; add_icon=&#8221;true&#8221; title=&#8221;Projekt N+B pn. &#8220;Management of cultural heritage in Lower Silesia, Poland, in the context of local dev. strategic governance&#8220;, (2015)&#8221; tab_id=&#8221;1558693321529-7f7ffda6-9056&#8243;][vc_column_text]Projekt naukowo-badawczy pt.: \u201eManagement of cultural heritage in Lower Silesia, Poland, in the context of local development strategic governance\u201d realizowany by\u0142 w ramach wsp\u00f3\u0142pracy Uniwersytetu Ekonomicznego we Wroc\u0142awiu z Uniwersytetem Bolo\u0144skim. Celem projektu by\u0142a identyfikacja strategii zarz\u0105dzania obiektami zabytkowymi w Polsce i powi\u0105za\u0144 tego zarz\u0105dzania z zarz\u0105dzaniem strategicznym rozwojem lokalnym prowadzonym przez w\u0142adze gmin. Razem z Prof. Sara Bonini Baraldi z Uniwersytetu Bolo\u0144skiego (W\u0142ochy) i Prof. Paolo Ferii z RMIT University (Australia) przeprowadzili\u015bmy na terenie woj. dolno\u015bl\u0105skiego badania terenowe i wywiady pog\u0142\u0119bione z wojew\u00f3dzkim konserwatorem zabytk\u00f3w, prezesami sp\u00f3\u0142ek w\u0142adaj\u0105cych obiektami zabytkowymi, hierarchami ko\u015bcielnymi zarz\u0105dzaj\u0105cymi zabytkami sakralnymi i w\u00f3jtami \/ burmistrzami gmin wykonuj\u0105cych uprawnienia w\u0142a\u015bcicielskie wobec obiekt\u00f3w zabytkowych.[\/vc_column_text][\/vc_tta_section][vc_tta_section i_icon_fontawesome=&#8221;fa fa-check-square-o&#8221; add_icon=&#8221;true&#8221; title=&#8221;Projekt N+B pn. &#8220;E-administracja warunkiem rozwoju Polski. Wzrost konkurencyjno\u015bci przedsi\u0119biorstw z wykorzystaniem innowacyjnych modeli referencyjnych proces\u00f3w administracji publicznej&#8220;, (2010-2011)&#8221; tab_id=&#8221;1558609692867-3c8fd691-c0f5&#8243;][vc_column_text]Projekt naukowo-badawczy pt. \u201eE-administracja warunkiem rozwoju Polski. Wzrost konkurencyjno\u015bci przedsi\u0119biorstw z wykorzystaniem innowacyjnych modeli referencyjnych proces\u00f3w administracji publicznej\u201d realizowany by\u0142 przez Mi\u0119dzynarodowe Centrum Biznesu i Administracji Publicznej, jednostk\u0119 Uniwersytetu Warmi\u0144sko-Mazurskiego w Olsztynie i finansowany z Programu Operacyjnego Innowacyjna Gospodarka (POIG.01.03.01-00-139\/08); Priorytet I: \u201eBadania i rozw\u00f3j nowoczesnych technologii\u201d, Dzia\u0142anie 1.3 \u201eWsparcie projekt\u00f3w B+R na rzecz przedsi\u0119biorc\u00f3w realizowanych przez jednostki naukowe\u201d, Poddzia\u0142anie 1.3.1 \u201eProjekty rozwojowe\u201d. Celem projektu by\u0142a identyfikacja i opracowanie modeli referencyjnych proces\u00f3w w polskich jednostkach administracji publicznej.\u00a0Pe\u0142ni\u0142em rol\u0119 wykonawcy projektu \u2013 cz\u0142onka panelu ekspert\u00f3w. M\u00f3j udzia\u0142 w badaniach polega\u0142 na ocenie procedur zarz\u0105dzania strategicznego rozwojem lokalnym stosowanych w urz\u0119dach miast i urz\u0119dach marsza\u0142kowskich oraz na wsp\u00f3\u0142tworzeniu referencyjnych modeli tych procedur. Ponadto jestem wsp\u00f3\u0142autorem wynalazku (stanowi\u0105cego jeden z rezultat\u00f3w naukowych projektu) zg\u0142oszonego pod nr 616722990 w Urz\u0119dzie Patentowym Stan\u00f3w Zjednoczonych, pn.: \u201eThe algorithmic method of generating reference models for implementation of processual management in public sector units (Algorytmiczna metoda generowania modeli referencyjnych na potrzeby implementacji w zarz\u0105dzaniu procesowym w ramach administracji publicznej)\u201d.[\/vc_column_text][\/vc_tta_section][vc_tta_section i_icon_fontawesome=&#8221;fa fa-check-square-o&#8221; add_icon=&#8221;true&#8221; title=&#8221;Projekt N+B pn. &#8220;Rozw\u00f3j spo\u0142eczno-gospodarczy Polkowic w latach 1990-2010&#8220;, (2010-2011)&#8221; tab_id=&#8221;1558613932306-84a37a2f-0ef7&#8243;][vc_column_text]Projekt naukowo-badawczy pt.: \u201eRozw\u00f3j spo\u0142eczno-gospodarczy Polkowic w latach 1990-2010\u201d realizowany by\u0142 przez Dolno\u015bl\u0105sk\u0105 Wy\u017csz\u0105 Szko\u0142\u0119 Przedsi\u0119biorczo\u015bci i Techniki w Polkowicach i finansowany przez gmin\u0119 Polkowice. Celem projektu by\u0142a analiza przemian spo\u0142eczno-gospodarczych, jakie zasz\u0142y w gminie Polkowice (jednej z najzamo\u017cniejszych i najdynamiczniej rozwijaj\u0105cych si\u0119 w kraju) po 1990 r. Pe\u0142ni\u0142em rol\u0119 jednego z wykonawc\u00f3w projektu. M\u00f3j udzia\u0142 w badaniach polega\u0142 na analizie zwi\u0105zk\u00f3w mi\u0119dzy zarz\u0105dzaniem strategicznym rozwojem lokalnym prowadzonym w gminie Polkowice, a poziomem innowacyjno\u015bci gospodarki tej gminy.[\/vc_column_text][\/vc_tta_section][vc_tta_section i_icon_fontawesome=&#8221;fa fa-check-square-o&#8221; add_icon=&#8221;true&#8221; title=&#8221;Projekt N+B pn. &#8220;Innowacyjno\u015b\u0107 europejskiej przestrzeni regionalnej a dynamika rozwoju gospodarczego&#8220;, (2008-2010)&#8221; tab_id=&#8221;1558610512657-3293a9d3-e756&#8243;][vc_column_text]Projekt naukowo-badawczy pt.: \u201e<em>Innowacyjno\u015b\u0107 europejskiej przestrzeni regionalnej a dynamika rozwoju gospodarczego<\/em>\u201d realizowany by\u0142 przez Uniwersytet Ekonomiczny we Wroc\u0142awiu na podstawie grantu Narodowego Centrum Bada\u0144 i Rozwoju nr PBR IV, NR11-0002-04\/2008. Celem projektu by\u0142a identyfikacja rodzaju i si\u0142y zale\u017cno\u015bci mi\u0119dzy innowacyjno\u015bci\u0105 a rozwojem gospodarczym europejskich region\u00f3w, a tak\u017ce ocena regionalnych, strategicznych system\u00f3w wspierania innowacji.\u00a0Pe\u0142ni\u0142em rol\u0119 wykonawcy projektu. Przeprowadzi\u0142em badania w zakresie zarz\u0105dzania strategicznego rozwojem regionalnym tj.: analiz\u0119 por\u00f3wnawcz\u0105 i ocen\u0119 system\u00f3w wdra\u017cania regionaln. strategii innowacji (RSI); ocen\u0119 Programu Operacyjnego Innowacyjna Gospodarka jako \u017ar\u00f3d\u0142a wsparcia polskich RSI;\u00a0analiz\u0119 RSI z kraj\u00f3w europejskich oraz identyfikacj\u0119 tych, stosowanych w nich rozwi\u0105za\u0144, kt\u00f3re nale\u017cy wykorzysta\u0107 w polskich RSI.[\/vc_column_text][\/vc_tta_section][vc_tta_section i_icon_fontawesome=&#8221;fa fa-check-square-o&#8221; add_icon=&#8221;true&#8221; title=&#8221;Projekt N+B pn. &#8220;Adapted Development of Historical Old Towns in Central and Eastern Europe &#8211; ADHOC&#8220;, (2006-2008)&#8221; tab_id=&#8221;1558609692708-0051ac1d-9f8f&#8221;][vc_column_text]Projekt naukowo-badawczy pt. \u201eADHOC &#8211; Adapted Development of Historical Old Towns in Central and Eastern Europe\u201d realizowany by\u0142 przez Polish-German Research Association ADHOC EEIG \/ EZIG (za\u0142o\u017cone przez Uniwersytet Ekonomiczny we Wroc\u0142awiu i Technische Universit\u00e4t Kaiserslautern) i 10 gmin Austrii, Chorwacji, Niemiec, Polski, S\u0142owacji i S\u0142owenii. Celem projektu by\u0142o opracowanie i implementacja innowacyjnych rozwi\u0105za\u0144 w zakresie zarz\u0105dzania zr\u00f3wnowa\u017conym rozwojem zabytkowych cz\u0119\u015bci starych miast w warunkach zmian strukturalnych i demograficznych.\u00a0Pe\u0142ni\u0142em rol\u0119 jednego z g\u0142\u00f3wnych wykonawc\u00f3w tego projektu. Wykonywa\u0142em\u00a0analizy: tendencji demograficznych, ekonomicznych i spo\u0142ecznych zabytkowych miast Europy; problem\u00f3w urbanistycznych miast uczestnicz\u0105cych w projekcie; najlepszych praktyk zarz\u0105dczych w rewitalizacji zabytkowych centr\u00f3w miast.[\/vc_column_text][\/vc_tta_section][vc_tta_section i_icon_fontawesome=&#8221;fa fa-check-square-o&#8221; add_icon=&#8221;true&#8221; title=&#8221;Projekt N+B pn. &#8220;Planowanie strategiczne rozwoju lokalnego i regionalnego&#8220;, (2002)&#8221; tab_id=&#8221;1558615634895-9dba2735-ac6e&#8221;][vc_column_text]Projekt naukowo-badawczy pt.: \u201ePlanowanie strategiczne rozwoju lokalnego i regionalnego (DS\/2002)\u201d realizowany by\u0142 przez Katedr\u0119 Gospodarki Regionalnej Akademii Ekonomicznej im. O. Langego we Wroc\u0142awiu i finansowany w ramach \u015brodk\u00f3w statutowych z Ministerstwa Nauki i Szkolnictwa Wy\u017cszego. Celem projektu by\u0142o opracowanie nowych, innowacyjnych metod planowania strategicznego rozwoju lokalnego i regionalnego. Pe\u0142ni\u0142em rol\u0119 jednego z wykonawc\u00f3w projektu. M\u00f3j udzia\u0142 w badaniach polega\u0142 na ocenie metod analizy strategicznej wykorzystywanych w zarz\u0105dzaniu rozwojem lokalnym i regionalnym oraz na opracowaniu nowej, innowacyjnej metody takiej analizy. Metod\u0119 t\u0105 nazwa\u0142em SWOT Plus i jest ona wykorzystywana w praktyce zarz\u0105dzania rozwojem lokalnym i regionalnym.[\/vc_column_text][\/vc_tta_section][vc_tta_section i_icon_fontawesome=&#8221;fa fa-check-square-o&#8221; add_icon=&#8221;true&#8221; title=&#8221;Projekt N+B pn. &#8220;Problemy gospodarki samorz\u0105du terytorialnego&#8220;, (2002)&#8221; tab_id=&#8221;1558617324578-9010e498-2cd0&#8243;][vc_column_text]Projekt naukowo-badawczy pt.: \u201eProblemy gospodarki samorz\u0105du terytorialnego (BW\/2002)\u201d realizowany by\u0142 przez Katedr\u0119 Gospodarki Regionalnej Akademii Ekonomicznej im. O. Langego we Wroc\u0142awiu i finansowany w ramach \u015brodk\u00f3w statutowych przez Ministerstwo Nauki i Szkolnictwa Wy\u017cszego. Celem projektu by\u0142a identyfikacja kryteri\u00f3w i metod i instrument\u00f3w stymulowania rozwoju dzia\u0142alno\u015bci gospodarczej przez polskie gminy, a tak\u017ce zaprojektowanie instrument\u00f3w nowych.<br \/>\nPe\u0142ni\u0142em rol\u0119 jednego z wykonawc\u00f3w projektu. M\u00f3j udzia\u0142 w badaniach polega\u0142 na identyfikacji instrumentarium interwencjonizmu lokalnego stosowanego przez w\u0142adze lokalne wybranych gmin w zarz\u0105dzaniu rozwojem lokalnym. W szczeg\u00f3lno\u015bci badaniami zosta\u0142y obj\u0119te instrumenty infrastrukturalne i przestrzenne.[\/vc_column_text][\/vc_tta_section][vc_tta_section i_icon_fontawesome=&#8221;fa fa-check-square-o&#8221; add_icon=&#8221;true&#8221; title=&#8221;Projekt N+B pn. &#8220;Taksonomia struktur w badaniach regionalnych&#8220;, (1998)&#8221; tab_id=&#8221;1558622599887-f26a0d23-aee9&#8243;][vc_column_text]Projekt naukowo-badawczy pt.: \u201eTaksonomia struktur w badaniach regionalnych\u201d realizowany by\u0142 przez Akademi\u0119 Ekonomiczn\u0105 im. O. Langego we Wroc\u0142awiu na podstawie grantu Komitetu Bada\u0144 Naukowych nr 1 H02B 010 12. Celem projektu by\u0142a identyfikacja mo\u017cliwo\u015bci i warunk\u00f3w stosowania metod taksonomicznych w ocenie rozwoju regionalnego oraz innowacyjne zastosowanie tych metod. Pe\u0142ni\u0142em rol\u0119 jednego z wykonawc\u00f3w projektu. M\u00f3j udzia\u0142 w badaniach polega\u0142 na ocenie stanu i poziomu ochrony \u015brodowiska przyrodniczego w poszczeg\u00f3lnych regionach Polski przy u\u017cyciu metod taksonomicznych.[\/vc_column_text][\/vc_tta_section][vc_tta_section i_icon_fontawesome=&#8221;fa fa-check-square-o&#8221; add_icon=&#8221;true&#8221; title=&#8221;Projekt N+B pn. &#8220;Zarz\u0105dzanie rozwojem lokalnym: studium przypadk\u00f3w&#8220;, (1998)&#8221; tab_id=&#8221;1558622777843-54269ec5-f693&#8243;][vc_column_text]Projekt naukowo-badawczy pt.: &#8220;Zarz\u0105dzanie rozwojem lokalnym: studium przypadk\u00f3w&#8221; realizowany by\u0142 przez Akademi\u0119 Ekonomiczn\u0105 im. O. Langego we Wroc\u0142awiu na podstawie grantu z Programu Wspierania Szkolnictwa Wy\u017cszego Fundacji im. Stefana Batorego. Celem projektu by\u0142a analiza cel\u00f3w, styl\u00f3w, instrumentari\u00f3w i efekt\u00f3w zarz\u0105dzania rozwojem lokalnym prowadzonego przez w\u0142adze kilkudziesi\u0119ciu r\u00f3\u017cnych, polskich gmin. Pe\u0142ni\u0142em rol\u0119 jednego z wykonawc\u00f3w projektu. M\u00f3j udzia\u0142 w badaniach polega\u0142 na wielowymiarowej analizie proces\u00f3w zarz\u0105dzania strategicznego rozwojem lokalnym prowadzonego przez w\u0142adze gminy Rudna, a nast\u0119pnie na wykonaniu analizy por\u00f3wnawczej tego zarz\u0105dzania w stosunku do innych postaw i podej\u015b\u0107 zarz\u0105dczych, typowych w owym okresie dla polskich w\u0142adz lokalnych.[\/vc_column_text][\/vc_tta_section][\/vc_tta_accordion][vc_column_text css=&#8221;.vc_custom_1560288895169{margin-bottom: 52px !important;}&#8221;]<\/p>\n<h3>2. Projekty badawczo-rozwojowe (B+R)<\/h3>\n<p>G\u0142\u00f3wnymi realizatorami poni\u017cszych projekt\u00f3w badawczo-rozwojowych by\u0142y organizacje samorz\u0105d\u00f3w, organizacje pozarz\u0105dowe, ministerstwa i agencje publiczne. Pe\u0142ni\u0142em w nich rol\u0119 eksperta, wykonawcy lub g\u0142\u00f3wnego wykonawcy. Cele tych projekt\u00f3w mia\u0142y charakter badawczo-rozwojowy, tzn. polega\u0142y na przeprowadzeniu bada\u0144, na podstawie kt\u00f3rych opracowane zosta\u0142o i pilota\u017cowo zastosowane w praktyce nowe, innowacyjne rozwi\u0105zanie, metoda, technika, narz\u0119dzie organizacyjne, planistyczne, monitoringowe lub ewaluacyjne zarz\u0105dzania rozwojem lokalnym.\u00a0<a href=\"http:\/\/sztando.com\/?page_id=3980\">Zobacz listy referencyjne.<\/a>[\/vc_column_text][vc_tta_accordion c_position=&#8221;right&#8221; active_section=&#8221;99&#8243; collapsible_all=&#8221;true&#8221;][vc_tta_section i_icon_fontawesome=&#8221;fa fa-check-square-o&#8221; add_icon=&#8221;true&#8221; title=&#8221;Projekt B+R pn. &#8220;Doskonalenie zarz\u0105dzania us\u0142ugami publicznymi i rozwojem w jednostkach samorz\u0105du lokalnego&#8220; (2013)&#8221; tab_id=&#8221;1558621895028-7498caa6-1ab6&#8243;][vc_column_text]Projekt B+R pn.: &#8220;Doskonalenie zarz\u0105dzania us\u0142ugami publicznymi i rozwojem w jednostkach samorz\u0105du lokalnego (gminach i powiatach)&#8221;, nr KSI: POKL.05.02.01-00-0068\/10 (zadanie nr 2 \u0096 GWD), wsp\u00f3\u0142finansowany przez MSWiA ze \u015brodk\u00f3w POKL 5.2. realizowany by\u0142 w latach 2011-2013 przez Zwi\u0105zek Miast Polskich w partnerstwie ze Zwi\u0105zkiem Powiat\u00f3w Polskich i Zwi\u0105zkiem Gmin Wiejskich RP. Jego g\u0142\u00f3wnym celem by\u0142o kompleksowe wzmocnienie zdolno\u015bci instytucjonalnej jednostek samorz\u0105du terytorialnego w Polsce (gmin i powiat\u00f3w) do \u0084dobrego rz\u0105dzenia\u0094, a w szczeg\u00f3lno\u015bci podnoszenie jako\u015bci, efektywno\u015bci i dost\u0119pno\u015bci us\u0142ug publicznych oraz monitorowanie strategii rozwoju. Jako ekspert projektu w obszarze \u201eZarz\u0105dzanie strategiczne rozwojem a zarz\u0105dzanie us\u0142ugami\u201d udziela\u0142em konsultacji i wyg\u0142osi\u0142em wyk\u0142ady dla uczestnik\u00f3w projektu nt. integracji zarz\u0105dzania us\u0142ugami i zarz\u0105dzania rozwojem jednostek samorz\u0105du terytorialnego.[\/vc_column_text][\/vc_tta_section][vc_tta_section i_icon_fontawesome=&#8221;fa fa-check-square-o&#8221; add_icon=&#8221;true&#8221; title=&#8221;Projekt B+R pn. &#8220;Centrum Wsparcia Organizacji Pozarz\u0105dowych w Powiecie S\u0142upeckim&#8220;, (2012)&#8221; tab_id=&#8221;1558628904014-41e309a4-54a8&#8243;][vc_column_text]Projekt badawczo-rozwojowy \u201eCentrum Wsparcia Organizacji Pozarz\u0105dowych w Powiecie S\u0142upeckim\u201d, POKL.05.04.02-00-463\/10, realizowany by\u0142 przez Polskie Towarzystwo Walki z Kalectwem Oddzia\u0142 Terenowy w Koninie, a finansowany z Programu Operacyjnego Kapita\u0142 Ludzki 2007-2013.\u00a0Jako ekspert projektu opracowa\u0142em \u201eSystem monitorowania i ewaluacji Lokalnej Strategii na Rzecz Rozwoju Trzeciego Sektora w Powiecie S\u0142upeckim na lata 2012-2018\u201d. Obejmuje on procedury, wska\u017aniki, ankiety i kryteria monitoringu i ewaluacji procesu wdra\u017cania ww. strategii.[\/vc_column_text][\/vc_tta_section][vc_tta_section i_icon_fontawesome=&#8221;fa fa-check-square-o&#8221; add_icon=&#8221;true&#8221; title=&#8221;Projekt B+R pn. &#8220;Rozw\u00f3j, koordynacja, monitoring i ewaluacja dolno\u015bl\u0105skiego systemu innowacji&#8220;, (2011)&#8221; tab_id=&#8221;1558629240728-e2316216-df71&#8243;][vc_column_text]Projekt badawczo-rozwojowy \u201eRozw\u00f3j, koordynacja, monitoring i ewaluacja dolno\u015bl\u0105skiego systemu innowacji\u201d, realizowany by\u0142 przez Urz\u0105d Marsza\u0142kowski Wojew\u00f3dztwa Dolno\u015bl\u0105skiego, a finansowany z Programu Operacyjnego Kapita\u0142 Ludzki 2007-2013.\u00a0Jako ekspert projektu wykona\u0142em \u201eEksperck\u0105 ocen\u0119 wybranych aspekt\u00f3w projektu aktualizacji Regionalnej Strategii Innowacji dla Wojew\u00f3dztwa Dolno\u015bl\u0105skiego na lata 2011-2020\u201d. Opracowanie s\u0142u\u017cy\u0142o ocenie ex-ante projektu ww. strategii.[\/vc_column_text][\/vc_tta_section][vc_tta_section i_icon_fontawesome=&#8221;fa fa-check-square-o&#8221; add_icon=&#8221;true&#8221; title=&#8221;Projekt B+R pn. &#8220;Nowe szanse dla transgranicznego rynku pracy i gospodarki Euroregionu Nysa&#8220;, (2005-2006)&#8221; tab_id=&#8221;1558629814463-eaa37ae5-69b4&#8243;][vc_column_text]Projekt badawczo rozwojowy pn. \u201eNowe szanse dla transgranicznego rynku pracy i gospodarki Euroregionu Nysa\u201d realizowany by\u0142 przez\u00a0Fundacj\u0119 Centrum Wspierania Przedsi\u0119biorczo\u015bci w Zgorzelcu, Starostwo Powiatowe w Zgorzelcu, Karkonosk\u0105 Agencj\u0119 Rozwoju Regionalnego S.A. w Jeleniej G\u00f3rze, OSI CompuTrain S.A. i Fundacj\u0119 \u201eNiepe\u0142nosprawnym i Oczekuj\u0105cym Pomocy\u201d, a finansowany z Programu Inicjatywy Wsp\u00f3lnotowej EQUAL.. Jako cz\u0142onek Rady Partnerstwa powo\u0142anej jako organ doradczy dla partner\u00f3w projektu, prezentowa\u0142em i projektowa\u0142em instrumenty zarz\u0105dzania rozwojem lokalnym s\u0142u\u017c\u0105ce dostosowaniu kwalifikacji os\u00f3b zagro\u017conych wykluczeniem spo\u0142ecznym na rynku pracy do wymaga\u0144 gospodarki rynkowej, a tak\u017ce upowszechnianiu w\u015br\u00f3d nich technologii informacyjnych.[\/vc_column_text][\/vc_tta_section][vc_tta_section i_icon_fontawesome=&#8221;fa fa-check-square-o&#8221; add_icon=&#8221;true&#8221; title=&#8221;Projekt B+R pn. &#8220;Miasto 2030 \u2013 Wsp\u00f3lna wizja rozwojowa Europa-Miasta Zgorzelec \/ G\u00f6rlitz&#8220;, (2002-2003)&#8221; tab_id=&#8221;1558629508756-2269a4a2-d4d8&#8243;][vc_column_text]Projekt badawczo-rozwojowy pn. \u201eMiasto 2030 \u2013 Wsp\u00f3lna wizja rozwojowa Europa-Miasta Zgorzelec \/ G\u00f6rlitz\u201d, realizowany by\u0142 przez\u00a0gmin\u0119 miejsk\u0105 Zgorzelec,\u00a0 miasto G\u00f6rlitz i Dolno\u015bl\u0105skie Centrum Szkolenia Samorz\u0105dowego Fundacji Rozwoju Demokracji Lokalnej, a finansowany z Programu Wizji Rozwojowych 2030 Federalnego Ministerstwa Edukacji i Bada\u0144 Naukowych Niemiec.\u00a0Jako ekspert projektu opracowa\u0142em: &#8211; \u201eEkspertyz\u0119 polskiej perspektywy \u2013 gospodarka\u201d, zawieraj\u0105c\u0105 d\u0142ugookresowe scenariusze rozwoju gospodarczego miast Zgorzelec i G\u00f6rlitz;\u00a0&#8211; \u201eEkspertyz\u0119 polskiej perspektywy \u2013 to\u017csamo\u015b\u0107 narodowa i miejska , kultura, postawy spo\u0142eczne\u201d, zawieraj\u0105c\u0105 d\u0142ugookresowe scenariusze rozwoju spo\u0142ecznego miast Zgorzelec i G\u00f6rlitz. Ekspertyzy te\u00a0stanowi\u0142y wytyczne do bie\u017c\u0105cego zarz\u0105dzania rozwojem tych miast, a tak\u017ce do sporz\u0105dzenia Strategii Rozwoju Europa-Miasta Zgorzelec\/G\u00f6rlitz.[\/vc_column_text][\/vc_tta_section][vc_tta_section i_icon_fontawesome=&#8221;fa fa-check-square-o&#8221; add_icon=&#8221;true&#8221; title=&#8221;Projekty B+R pn. Analiza transgranicznej wsp\u00f3\u0142pracy spo\u0142eczno-gospodarczej gmin i powiat\u00f3w przygranicznych woj. dolno\u015bl\u0105skiego (2000, 2002)&#8221; tab_id=&#8221;1664107396075-dc353564-91c9&#8243;][vc_column_text].[\/vc_column_text][\/vc_tta_section][vc_tta_section i_icon_fontawesome=&#8221;fa fa-check-square-o&#8221; add_icon=&#8221;true&#8221; title=&#8221;Projekt B+R pn. &#8220;Weryfikacja projektu Banku Danych Lokalnych. Opracowanie docelowej koncepcji BDL i jego prototypu&#8220;, (1996-1997)&#8221; tab_id=&#8221;1558623274897-90778e03-b708&#8243;][vc_column_text]Projekt badawczo-rozwojowy pt. &#8220;Weryfikacja projektu Banku Danych Lokalnych (BDL). Opracowanie docelowej koncepcji BDL i jego prototypu&#8221; realizowany by\u0142 przez Akademi\u0119 Ekonomiczn\u0105 im. O. Langego we Wroc\u0142awiu na podstawie grantu G\u0142\u00f3wnego Urz\u0119du Statystycznego. Celem projektu by\u0142o opracowanie koncepcji i prototypu Banku Danych Lokalnych G\u0142\u00f3wnego Urz\u0119du Statystycznego (BDL). Pe\u0142ni\u0142em rol\u0119 jednego z wykonawc\u00f3w projektu. M\u00f3j udzia\u0142 polega\u0142 na identyfikacji zapotrzebowania w\u0142adz lokalnych na informacje zwi\u0105zane z lokalnym rozwojem gospodarczym. Rezultatem projektu jest obecnie funkcjonuj\u0105cy Bank Danych Lokalnych GUS &#8211; najwi\u0119kszy w Polsce zbi\u00f3r informacji o sytuacji spo\u0142eczno-gospodarczej, demograficznej, spo\u0142ecznej oraz stanie \u015brodowiska, opisuj\u0105cy wojew\u00f3dztwa, powiaty oraz gminy, a tak\u017ce regiony i podregiony stanowi\u0105ce elementy nomenklatury jednostek terytorialnych do cel\u00f3w statystycznych.[\/vc_column_text][\/vc_tta_section][\/vc_tta_accordion][\/vc_column][\/vc_row][vc_row full_width=&#8221;stretch_row&#8221; el_class=&#8221;third_bg_color&#8221; css=&#8221;.vc_custom_1451889219674{margin-bottom: -60px !important;}&#8221;][vc_column][vc_cta h2=&#8221;Szukasz partnera do dzia\u0142alno\u015bci naukowej lub dydaktycznej?&#8221; h2_font_container=&#8221;font_size:20px|color:%23000000|line_height:24px&#8221; h2_use_theme_fonts=&#8221;yes&#8221; shape=&#8221;square&#8221; style=&#8221;flat&#8221; add_button=&#8221;right&#8221; btn_title=&#8221;skontaktuj si\u0119&#8221; btn_style=&#8221;flat&#8221; btn_color=&#8221;theme_style_2&#8243; btn_align=&#8221;right&#8221; btn_i_align=&#8221;right&#8221; btn_i_icon_fontawesome=&#8221;fa fa-chevron-right&#8221; use_custom_fonts_h2=&#8221;true&#8221; btn_button_block=&#8221;true&#8221; btn_add_icon=&#8221;true&#8221; el_class=&#8221;third_bg_color&#8221; css=&#8221;.vc_custom_1628021857319{margin-bottom: 0px !important;}&#8221; btn_link=&#8221;url:http%3A%2F%2Fsztando.com%2F%3Fpage_id%3D11|||&#8221;][\/vc_cta][\/vc_column][\/vc_row]<\/p>\n<\/div>","protected":false},"excerpt":{"rendered":"<p>[vc_row css=&#8221;.vc_custom_1628031359551{margin-bottom: 30px !important;}&#8221;][vc_column][vc_custom_heading source=&#8221;post_title&#8221; use_theme_fonts=&#8221;yes&#8221;][vc_column_text css=&#8221;.vc_custom_1560288883382{margin-bottom: 52px !important;}&#8221;] 1. Projekty naukowo-badawcze (N+B) G\u0142\u00f3wnymi realizatorami poni\u017cszych projekt\u00f3w naukowo-badawczych by\u0142y uczelnie wy\u017csze. Pe\u0142ni\u0142em w nich rol\u0119 eksperta, wykonawcy lub g\u0142\u00f3wnego wykonawcy. Cele tych projekt\u00f3w mia\u0142y charakter stricte naukowo-badawczy, a ich wyniki publikowane by\u0142y w naukowych artyku\u0142ach i monografiach.\u00a0Zobacz listy referencyjne.[\/vc_column_text][vc_tta_accordion c_position=&#8221;right&#8221; active_section=&#8221;99&#8243; collapsible_all=&#8221;true&#8221;][vc_tta_section i_icon_fontawesome=&#8221;fa fa-check-square-o&#8221; add_icon=&#8221;true&#8221;<\/p>\n","protected":false},"author":1,"featured_media":7092,"parent":1843,"menu_order":0,"comment_status":"closed","ping_status":"closed","template":"","meta":{"footnotes":""},"class_list":["post-4586","page","type-page","status-publish","has-post-thumbnail","hentry"],"_links":{"self":[{"href":"https:\/\/sztando.com\/index.php?rest_route=\/wp\/v2\/pages\/4586","targetHints":{"allow":["GET"]}}],"collection":[{"href":"https:\/\/sztando.com\/index.php?rest_route=\/wp\/v2\/pages"}],"about":[{"href":"https:\/\/sztando.com\/index.php?rest_route=\/wp\/v2\/types\/page"}],"author":[{"embeddable":true,"href":"https:\/\/sztando.com\/index.php?rest_route=\/wp\/v2\/users\/1"}],"replies":[{"embeddable":true,"href":"https:\/\/sztando.com\/index.php?rest_route=%2Fwp%2Fv2%2Fcomments&post=4586"}],"version-history":[{"count":28,"href":"https:\/\/sztando.com\/index.php?rest_route=\/wp\/v2\/pages\/4586\/revisions"}],"predecessor-version":[{"id":8498,"href":"https:\/\/sztando.com\/index.php?rest_route=\/wp\/v2\/pages\/4586\/revisions\/8498"}],"up":[{"embeddable":true,"href":"https:\/\/sztando.com\/index.php?rest_route=\/wp\/v2\/pages\/1843"}],"wp:featuredmedia":[{"embeddable":true,"href":"https:\/\/sztando.com\/index.php?rest_route=\/wp\/v2\/media\/7092"}],"wp:attachment":[{"href":"https:\/\/sztando.com\/index.php?rest_route=%2Fwp%2Fv2%2Fmedia&parent=4586"}],"curies":[{"name":"wp","href":"https:\/\/api.w.org\/{rel}","templated":true}]}}